{"id":43,"date":"2020-08-31T20:21:43","date_gmt":"2020-08-31T20:21:43","guid":{"rendered":"http:\/\/www.seys.com.br\/?page_id=43"},"modified":"2021-03-17T19:38:29","modified_gmt":"2021-03-17T19:38:29","slug":"home","status":"publish","type":"page","link":"https:\/\/www.seys.com.br\/","title":{"rendered":""},"content":{"rendered":"\n<h2>Segmentos de Atua\u00e7\u00e3o<\/h2>\n\n\n\n<ul><li>Pecu\u00e1ria de precis\u00e3o (Bovitrato)<\/li><li>Fabrica\u00e7\u00e3o de balan\u00e7as industriais<\/li><li>Manuten\u00e7\u00e3o de balan\u00e7as (industrial, comercial e rodovi\u00e1ria)<\/li><li>Pesagem embarcada em transbordo de cana<\/li><\/ul>\n\n\n\n<h2>Automa\u00e7\u00e3o de Trato Bovino<\/h2>\n\n\n\n<blockquote class=\"wp-block-quote\"><p>Opera\u00e7\u00f5es de carregamento e descarregamento em misturadores de ra\u00e7\u00e3o, seja em ve\u00edculos (caminh\u00f5es e tratores) ou em misturadores est\u00e1ticos. Realiza de forma aut\u00f4noma todas as opera\u00e7\u00f5es, dispensando a instala\u00e7\u00e3o de notebook e softwares dentro do ve\u00edculo. Programa\u00e7\u00e3o simples e r\u00e1pida via pendrive ou Wi-Fi com ordens de produ\u00e7\u00e3o planejadas. Registra para cada ordem de produ\u00e7\u00e3o os valores carregados de cada ingrediente para cada trato individualmente. Coleta de resultados via pendrive ou Wi-Fi, para an\u00e1lise em ferramentas de gest\u00e3o.<\/p><\/blockquote>\n\n\n\n<h2>Pesagem de Transbordo de Cana<\/h2>\n\n\n\n<blockquote class=\"wp-block-quote\"><p>Tecnologia Sem Fio: praticidade na visualiza\u00e7\u00e3o em tempo real da aquisi\u00e7\u00e3o do M\u00f3dulo de Pesagem Sem Fio (MPSF). Qualidade na pesagem: sistema de gaiola dupla; garantia da acur\u00e1cia e longa vida \u00fatil para as c\u00e9lulas de carga. Mobilidade: as pesagens s\u00e3o registradas com precis\u00e3o mesmo durante o deslocamento do maquin\u00e1rio.<\/p><\/blockquote>\n\n\n\n<h2>Monitoramento Remoto de Silos<\/h2>\n\n\n\n<blockquote class=\"wp-block-quote\"><p>Pesagens peri\u00f3dicas autom\u00e1ticas. Comunica\u00e7\u00e3o sem fio para salvar os dados. Visualiza\u00e7\u00e3o em tempo real e hist\u00f3rico em gr\u00e1fico.<\/p><\/blockquote>\n\n\n\n<h2>Esta\u00e7\u00e3o Meteorol\u00f3gica &#8211; Ambi\u00eancia para Gado de corte<\/h2>\n\n\n\n<blockquote class=\"wp-block-quote\"><p>M\u00f3dulo com sensor de temperatura, umidade e pluvi\u00f4metro. Permite controlar as condi\u00e7\u00f5es de estresse t\u00e9rmico nas instala\u00e7\u00f5es, mapeando \u00edndice THI e tamb\u00e9m THI hora, saldo de estresse acumulado ou recuperado<\/p><\/blockquote>\n","protected":false},"excerpt":{"rendered":"<p>Segmentos de Atua\u00e7\u00e3o Pecu\u00e1ria de precis\u00e3o (Bovitrato) Fabrica\u00e7\u00e3o de balan\u00e7as industriais Manuten\u00e7\u00e3o de balan\u00e7as (industrial, comercial e rodovi\u00e1ria) Pesagem embarcada em transbordo de cana Automa\u00e7\u00e3o de Trato Bovino Opera\u00e7\u00f5es de carregamento e descarregamento em misturadores de ra\u00e7\u00e3o, seja em ve\u00edculos (caminh\u00f5es e tratores) ou em misturadores est\u00e1ticos. Realiza de forma aut\u00f4noma todas as opera\u00e7\u00f5es, dispensando &#8230; <a title=\"\" class=\"read-more\" href=\"https:\/\/www.seys.com.br\/\" aria-label=\"More on \">Ler mais<\/a><\/p>\n","protected":false},"author":1,"featured_media":0,"parent":0,"menu_order":0,"comment_status":"closed","ping_status":"closed","template":"","meta":[],"_links":{"self":[{"href":"https:\/\/www.seys.com.br\/index.php?rest_route=\/wp\/v2\/pages\/43"}],"collection":[{"href":"https:\/\/www.seys.com.br\/index.php?rest_route=\/wp\/v2\/pages"}],"about":[{"href":"https:\/\/www.seys.com.br\/index.php?rest_route=\/wp\/v2\/types\/page"}],"author":[{"embeddable":true,"href":"https:\/\/www.seys.com.br\/index.php?rest_route=\/wp\/v2\/users\/1"}],"replies":[{"embeddable":true,"href":"https:\/\/www.seys.com.br\/index.php?rest_route=%2Fwp%2Fv2%2Fcomments&post=43"}],"version-history":[{"count":12,"href":"https:\/\/www.seys.com.br\/index.php?rest_route=\/wp\/v2\/pages\/43\/revisions"}],"predecessor-version":[{"id":167,"href":"https:\/\/www.seys.com.br\/index.php?rest_route=\/wp\/v2\/pages\/43\/revisions\/167"}],"wp:attachment":[{"href":"https:\/\/www.seys.com.br\/index.php?rest_route=%2Fwp%2Fv2%2Fmedia&parent=43"}],"curies":[{"name":"wp","href":"https:\/\/api.w.org\/{rel}","templated":true}]}}