{"id":16,"date":"2020-08-31T20:14:41","date_gmt":"2020-08-31T20:14:41","guid":{"rendered":"http:\/\/www.seys.com.br\/?page_id=16"},"modified":"2021-03-17T20:31:30","modified_gmt":"2021-03-17T20:31:30","slug":"sobre","status":"publish","type":"page","link":"https:\/\/www.seys.com.br\/?page_id=16","title":{"rendered":"Quem somos"},"content":{"rendered":"\n<h2>Miss\u00e3o<\/h2>\n\n\n\n<p>Buscamos ser refer\u00eancia na cria\u00e7\u00e3o de solu\u00e7\u00f5es embarcados (IoT, mobile, cloud) para automatizar os processos e decis\u00f5es de produ\u00e7\u00e3o da ind\u00fastria agropecu\u00e1ria. Registrar dados de campo com tecnologias sem fio, integrando as informa\u00e7\u00f5es com sistemas de gerenciamento de processos agropastor\u00eds. Nosso foco \u00e9 proporcionar mais seguran\u00e7a, confiabilidade e economia aos nossos clientes. Fornecer solu\u00e7\u00f5es tecnol\u00f3gicas personalizadas para atender as demandas de mercado, buscando aumentar a efici\u00eancia e a qualidade dos processos produtivos.<\/p>\n\n\n\n<h2>Vis\u00e3o<\/h2>\n\n\n\n<p>As atividades de produ\u00e7\u00e3o agropastor\u00eds necessitam de avan\u00e7o acelerado no uso de novas tecnologias para explorarem o m\u00e1ximo potencial dos recursos dispon\u00edveis, sendo eles: animais, plantas, meio ambiente, clima, terra, instala\u00e7\u00f5es, insumos, m\u00e1quinas, for\u00e7a e intelig\u00eancia humana. A atividade agropastoril depende, e depender\u00e1 cada vez mais, do uso otimizado de recursos para obter a sustentabilidade tecno econ\u00f4mica-ambiental.<\/p>\n\n\n\n<h2>Valores<\/h2>\n\n\n\n<p>Reconhecer e confiar na intelig\u00eancia e responsabilidade de t\u00e9cnicos, colaboradores, clientes e fornecedores. Reconhecer as diversas tecnologias atuais e futuras, para criar solu\u00e7\u00f5es inteligentes e eficazes dentro dos processos de gerenciamento produtivos.<\/p>\n","protected":false},"excerpt":{"rendered":"<p>Miss\u00e3o Buscamos ser refer\u00eancia na cria\u00e7\u00e3o de solu\u00e7\u00f5es embarcados (IoT, mobile, cloud) para automatizar os processos e decis\u00f5es de produ\u00e7\u00e3o da ind\u00fastria agropecu\u00e1ria. Registrar dados de campo com tecnologias sem fio, integrando as informa\u00e7\u00f5es com sistemas de gerenciamento de processos agropastor\u00eds. Nosso foco \u00e9 proporcionar mais seguran\u00e7a, confiabilidade e economia aos nossos clientes. Fornecer solu\u00e7\u00f5es &#8230; <a title=\"Quem somos\" class=\"read-more\" href=\"https:\/\/www.seys.com.br\/?page_id=16\" aria-label=\"More on Quem somos\">Ler mais<\/a><\/p>\n","protected":false},"author":1,"featured_media":0,"parent":0,"menu_order":0,"comment_status":"closed","ping_status":"closed","template":"","meta":[],"_links":{"self":[{"href":"https:\/\/www.seys.com.br\/index.php?rest_route=\/wp\/v2\/pages\/16"}],"collection":[{"href":"https:\/\/www.seys.com.br\/index.php?rest_route=\/wp\/v2\/pages"}],"about":[{"href":"https:\/\/www.seys.com.br\/index.php?rest_route=\/wp\/v2\/types\/page"}],"author":[{"embeddable":true,"href":"https:\/\/www.seys.com.br\/index.php?rest_route=\/wp\/v2\/users\/1"}],"replies":[{"embeddable":true,"href":"https:\/\/www.seys.com.br\/index.php?rest_route=%2Fwp%2Fv2%2Fcomments&post=16"}],"version-history":[{"count":8,"href":"https:\/\/www.seys.com.br\/index.php?rest_route=\/wp\/v2\/pages\/16\/revisions"}],"predecessor-version":[{"id":170,"href":"https:\/\/www.seys.com.br\/index.php?rest_route=\/wp\/v2\/pages\/16\/revisions\/170"}],"wp:attachment":[{"href":"https:\/\/www.seys.com.br\/index.php?rest_route=%2Fwp%2Fv2%2Fmedia&parent=16"}],"curies":[{"name":"wp","href":"https:\/\/api.w.org\/{rel}","templated":true}]}}